{"id":114,"date":"2010-07-29T09:39:52","date_gmt":"2010-07-29T09:39:52","guid":{"rendered":"http:\/\/www.situma.es\/?page_id=114"},"modified":"2010-07-29T09:39:52","modified_gmt":"2010-07-29T09:39:52","slug":"quienes-somos","status":"publish","type":"page","link":"https:\/\/www.situma.es\/?page_id=114","title":{"rendered":"Los or\u00edgenes de SITUMA"},"content":{"rendered":"<p style=\"text-align: justify;\">Los fundadores de SITUMA somos un grupo de compa\u00f1eros de la Universidad de M\u00e1laga:<\/p>\n<ul style=\"text-align: justify;\">\n<li>Jos\u00e9 Carlos Bustamante Toledo<\/li>\n<li>Juan Carlos del R\u00edo Armenta<\/li>\n<li>Marino Castillo Cabezas<\/li>\n<li>Juan Gamboa Fern\u00e1ndez<\/li>\n<li>Elvira Baena Padilla<\/li>\n<li>Miguel \u00c1ngel Serna Mata<\/li>\n<li>Gonzalo Villarejo Ben\u00edtez<\/li>\n<li>Jos\u00e9 Antonio Rodr\u00edguez Medero<\/li>\n<li>Jos\u00e9 Manuel Ramos Guaz<\/li>\n<li>Vitoriano Giralt Garc\u00eda<\/li>\n<\/ul>\n<p style=\"text-align: justify;\">Decidimos fundar SITUMA movidos por un sentimiento de indefensi\u00f3n, discriminaci\u00f3n, falta de apoyo y de informaci\u00f3n sobre la situaci\u00f3n laboral que existe en nuestra Universidad. En los \u00faltimos a\u00f1os, muchas veces hemos solicitado informaci\u00f3n y apoyo a los sindicatos con representaci\u00f3n y casi siempre nos hemos sentido defraudados por sus actuaciones.<\/p>\n<p style=\"text-align: justify;\">Nuestra intenci\u00f3n, con la constituci\u00f3n de este sindicato, es no s\u00f3lo mejorar las condiciones de trabajo en la Universidad de M\u00e1laga, sino conseguirlo mediante una perfeccionamiento de la funci\u00f3n p\u00fablica. Por\u00a0 ello hemos creado un sindicato abierto a todos y sin \u201ccolor pol\u00edtico\u201d.<\/p>\n<p style=\"text-align: justify;\">Nuestro sindicato tiene previsto trabajar para conseguir la mejora de los servicios que ofrece la Universidad de M\u00e1laga, proponiendo l\u00edneas de trabajo serias y adecuadas.<\/p>\n<p style=\"text-align: justify;\">Ya no somos 10, somos m\u00e1s de 60 afiliados, siendo un colectivo cada d\u00eda mayor.\u00a0 Son much\u00edsimos los correos electr\u00f3nicos y las llamadas telef\u00f3nicas recibidas, de much@s compa\u00f1er@s de la UMA pidi\u00e9ndonos informaci\u00f3n y solicitando afiliarse al nuevo sindicato, ya que ell@s tienen el mismo sentimiento de indefensi\u00f3n que tenemos nosotros, y por el que decidimos dar este paso adelante.<\/p>\n<p style=\"text-align: justify;\">En septiembre, a la vuelta de vacaciones, estableceremos el procedimiento de afiliaci\u00f3n a SITUMA y convocaremos reuniones con todos los compa\u00f1er@s interesados en este proyecto, para conocernos y ayudarnos entre tod@s, ya que SITUMA queremos que sea un sindicato independiente y abierto a todos los trabajadores de la Universidad de M\u00e1laga.<\/p>\n<p style=\"text-align: justify;\">SITUMA\u00a0 es y ser\u00e1 siempre un sindicato INDEPENDIENTE que defienda a tod@s los trabajadores de la Universidad de M\u00e1laga.<\/p>\n<p style=\"text-align: justify;\">\n","protected":false},"excerpt":{"rendered":"<p>Los fundadores de SITUMA somos un grupo de compa\u00f1eros de la Universidad de M\u00e1laga: Jos\u00e9 Carlos Bustamante Toledo Juan Carlos del R\u00edo Armenta Marino<\/p>\n","protected":false},"author":2,"featured_media":0,"parent":5151,"menu_order":2,"comment_status":"open","ping_status":"closed","template":"","meta":[],"jetpack_sharing_enabled":true,"jetpack_likes_enabled":true,"_links":{"self":[{"href":"https:\/\/www.situma.es\/index.php?rest_route=\/wp\/v2\/pages\/114"}],"collection":[{"href":"https:\/\/www.situma.es\/index.php?rest_route=\/wp\/v2\/pages"}],"about":[{"href":"https:\/\/www.situma.es\/index.php?rest_route=\/wp\/v2\/types\/page"}],"author":[{"embeddable":true,"href":"https:\/\/www.situma.es\/index.php?rest_route=\/wp\/v2\/users\/2"}],"replies":[{"embeddable":true,"href":"https:\/\/www.situma.es\/index.php?rest_route=%2Fwp%2Fv2%2Fcomments&post=114"}],"version-history":[{"count":1,"href":"https:\/\/www.situma.es\/index.php?rest_route=\/wp\/v2\/pages\/114\/revisions"}],"predecessor-version":[{"id":6638,"href":"https:\/\/www.situma.es\/index.php?rest_route=\/wp\/v2\/pages\/114\/revisions\/6638"}],"up":[{"embeddable":true,"href":"https:\/\/www.situma.es\/index.php?rest_route=\/wp\/v2\/pages\/5151"}],"wp:attachment":[{"href":"https:\/\/www.situma.es\/index.php?rest_route=%2Fwp%2Fv2%2Fmedia&parent=114"}],"curies":[{"name":"wp","href":"https:\/\/api.w.org\/{rel}","templated":true}]}}