{"id":27,"date":"2010-06-14T17:19:50","date_gmt":"2010-06-14T16:19:50","guid":{"rendered":"http:\/\/www.situma.es\/?page_id=27"},"modified":"2010-06-14T17:19:50","modified_gmt":"2010-06-14T16:19:50","slug":"afiliate","status":"publish","type":"page","link":"https:\/\/www.situma.es\/?page_id=27","title":{"rendered":"C\u00f3mo Afiliarte"},"content":{"rendered":"<p><a href=\"https:\/\/www.situma.es\/wp-content\/uploads\/2010\/06\/universidad4.jpg\"><img decoding=\"async\" loading=\"lazy\" class=\"aligncenter size-full wp-image-61\" title=\"universidad4\" alt=\"UMA\" src=\"https:\/\/www.situma.es\/wp-content\/uploads\/2010\/06\/universidad4.jpg\" width=\"400\" height=\"300\" srcset=\"https:\/\/www.situma.es\/wp-content\/uploads\/2010\/06\/universidad4.jpg 400w, https:\/\/www.situma.es\/wp-content\/uploads\/2010\/06\/universidad4-300x225.jpg 300w\" sizes=\"(max-width: 400px) 100vw, 400px\" \/><\/a><\/p>\n<p style=\"text-align: justify;\">Si deseas formar parte de nuestro sindicato, SITUMA, s\u00f3lo tienes que <em><span style=\"text-decoration: underline;\"><a href=\"mailto:situma@uma.es?Subject=Afiliarme%20a%20SITUMA\">enviarnos un correo electr\u00f3nico a situma@uma.es, con todos tus datos de contacto: nombre completo, dni, tel\u00e9fono y email, etc<\/a><b><a href=\"mailto:situma@uma.es?Subject=Afiliarme%20a%20SITUMA\"><\/a><\/b><\/span><\/em>.<\/p>\n<p style=\"text-align: justify;\">Desde el momento en que nos env\u00edes tus datos, formar\u00e1s parte de la familia de SITUMA, uni\u00e9ndote as\u00ed a un nuevo proyecto ilusionante donde defender tus derechos laborales desde la independencia.<\/p>\n<p style=\"text-align: justify;\">Situma no tiene establecida ninguna cuota para sus afiliados: ni de alta, ni anual, ni trimestral, ni de ning\u00fan tipo.<\/p>\n<p style=\"text-align: justify;\">Conforme vaya pasando el tiempo y si entre todos los afiliados vemos que es necesario, entonces se llevar\u00e1 el asunto a una Asamblea General y entre todos decidiremos si se establece una cuota y cu\u00e1l ser\u00eda su cuant\u00eda.<\/p>\n<p style=\"text-align: justify;\">Mientras no haya cuota, si existiera alg\u00fan gasto significativo, pues se informar\u00eda a los afiliados que se necesita hacer dicho gasto para su aprobaci\u00f3n,\u00a0 y el compromiso ser\u00eda que dicho gasto ser\u00eda dividido entre todos.<\/p>\n<p style=\"text-align: justify;\">Se bienvenido.<\/p>\n<p><!--\n\n\n<p style=\"text-align: justify;\">Si deseas formar parte de nuestro sindicato, SITUMA, s\u00f3lo tienes que ir a <a title=\"https:\/\/afiliacion.situma.es\" href=\"https:\/\/afiliacion.situma.es\">https:\/\/afiliacion.situma.es<\/a> y mandarnos el formulario de afiliaci\u00f3n.<\/p>\n\n\n--><\/p>\n","protected":false},"excerpt":{"rendered":"<p>Si deseas formar parte de nuestro sindicato, SITUMA, s\u00f3lo tienes que enviarnos un correo electr\u00f3nico a situma@uma.es, con todos tus datos de contacto: nombre<\/p>\n","protected":false},"author":2,"featured_media":0,"parent":5151,"menu_order":1,"comment_status":"closed","ping_status":"closed","template":"","meta":[],"jetpack_sharing_enabled":true,"jetpack_likes_enabled":true,"_links":{"self":[{"href":"https:\/\/www.situma.es\/index.php?rest_route=\/wp\/v2\/pages\/27"}],"collection":[{"href":"https:\/\/www.situma.es\/index.php?rest_route=\/wp\/v2\/pages"}],"about":[{"href":"https:\/\/www.situma.es\/index.php?rest_route=\/wp\/v2\/types\/page"}],"author":[{"embeddable":true,"href":"https:\/\/www.situma.es\/index.php?rest_route=\/wp\/v2\/users\/2"}],"replies":[{"embeddable":true,"href":"https:\/\/www.situma.es\/index.php?rest_route=%2Fwp%2Fv2%2Fcomments&post=27"}],"version-history":[{"count":1,"href":"https:\/\/www.situma.es\/index.php?rest_route=\/wp\/v2\/pages\/27\/revisions"}],"predecessor-version":[{"id":7021,"href":"https:\/\/www.situma.es\/index.php?rest_route=\/wp\/v2\/pages\/27\/revisions\/7021"}],"up":[{"embeddable":true,"href":"https:\/\/www.situma.es\/index.php?rest_route=\/wp\/v2\/pages\/5151"}],"wp:attachment":[{"href":"https:\/\/www.situma.es\/index.php?rest_route=%2Fwp%2Fv2%2Fmedia&parent=27"}],"curies":[{"name":"wp","href":"https:\/\/api.w.org\/{rel}","templated":true}]}}