{"id":3208,"date":"2017-05-29T21:26:56","date_gmt":"2017-05-29T20:26:56","guid":{"rendered":"http:\/\/www.situma.es\/?page_id=3208"},"modified":"2017-05-29T21:26:56","modified_gmt":"2017-05-29T20:26:56","slug":"lineas-de-actuacion-pas-funcionario-2017-2020","status":"publish","type":"page","link":"https:\/\/www.situma.es\/?page_id=3208","title":{"rendered":"L\u00edneas de Actuaci\u00f3n PAS-F 2017-2020"},"content":{"rendered":"<p style=\"text-align: justify;\">La\u00a0<strong>l\u00ednea de trabajo <\/strong>de SITUMA se basa en:<\/p>\n<ul>\n<li style=\"text-align: justify;\"><span style=\"color: #334f60; font-size: xx-large;\">S<\/span><strong>alvaguarda de derechos laborales:<\/strong> siempre velaremos por proteger y recuperar los derechos laborales de todos los trabajadores en la UMA, sin prejuicios de ning\u00fan\u00a0tipo hacia nuestros compa\u00f1eros.<\/li>\n<li style=\"text-align: justify;\"><span style=\"color: #334f60; font-size: xx-large;\">I<\/span><strong>nformaci\u00f3n: <\/strong>para nosotros mantener una informaci\u00f3n constante y fluida es vital en nuestro acci\u00f3n sindical, siempre informaremos a trav\u00e9s de nuestras web y listas de correo, pidiendo colaboraci\u00f3n a todos y rindiendo cuentas a todos solicitando que nos ratifiqu\u00e9is\u00a0los acuerdos a trav\u00e9s de asambleas. Sabiendo que si dichos acuerdos no son ratificados, no ser\u00e1n\u00a0firmados por nuestro sindicato.<\/li>\n<li style=\"text-align: justify;\"><span style=\"color: #334f60; font-size: xx-large;\">T<\/span><strong>ransparencia:<\/strong> desde nuestra web siempre ser\u00e1n accesibles todos los acuerdos y actas de las negociaciones, desde SITUMA pensamos que es nuestro deber mantener la transparencia en todas nuestras acciones, s\u00f3lo as\u00ed cualquier compa\u00f1ero tendr\u00e1 la informaci\u00f3n necesaria, para poder acudir a nuestras asambleas y ratificar los acuerdos.<\/li>\n<li style=\"text-align: justify;\"><span style=\"color: #334f60; font-size: xx-large;\">U<\/span><strong>nidad de los trabajadores: <\/strong>que el conjunto de los trabajadores estemos unidos en la defensa de nuestros derechos es esencial para alcanzar nuestros objetivos laborales.<\/li>\n<li style=\"text-align: justify;\"><span style=\"color: #334f60; font-size: xx-large;\">M<\/span><strong>ejoras de las condiciones de trabajo: <\/strong>llegaremos a todos los acuerdos posibles que sirvan para mejorar en su conjunto las condiciones de trabajo en la UMA. Todos los acuerdos alcanzados, siempre son susceptibles de ser mejorados, por eso son acuerdos din\u00e1micos que siempre buscaremos mejorar.<\/li>\n<li style=\"text-align: justify;\"><span style=\"color: #334f60; font-size: xx-large;\">A<\/span><strong>cci\u00f3n sindical:<\/strong> queremos tener la confianza y ser la voz de todos nuestros compa\u00f1eros, para poder realizar la mejor defensa posible de vuestros intereses. Para solucionar cualquier problema, lo principal es saber que existe tal situaci\u00f3n, por eso os pedimos que acud\u00e1is a nosotros cuando necesit\u00e9is nuestra ayuda.<\/li>\n<\/ul>\n<p><a style=\"text-align: justify;\" href=\"https:\/\/www.situma.es\/wp-content\/uploads\/2017\/05\/jpdi2017_3.jpg\"><img decoding=\"async\" class=\"size-full wp-image-2890 aligncenter\" alt=\"AIRE NUEVO para el PDI\" src=\"https:\/\/www.situma.es\/wp-content\/uploads\/2017\/05\/jpas2017_2.jpg\" width=\"700\" \/><\/a><\/p>\n","protected":false},"excerpt":{"rendered":"<p>La\u00a0l\u00ednea de trabajo de SITUMA se basa en: Salvaguarda de derechos laborales: siempre velaremos por proteger y recuperar los derechos laborales de todos los<\/p>\n","protected":false},"author":2,"featured_media":0,"parent":3079,"menu_order":0,"comment_status":"open","ping_status":"closed","template":"","meta":[],"jetpack_sharing_enabled":true,"jetpack_likes_enabled":true,"_links":{"self":[{"href":"https:\/\/www.situma.es\/index.php?rest_route=\/wp\/v2\/pages\/3208"}],"collection":[{"href":"https:\/\/www.situma.es\/index.php?rest_route=\/wp\/v2\/pages"}],"about":[{"href":"https:\/\/www.situma.es\/index.php?rest_route=\/wp\/v2\/types\/page"}],"author":[{"embeddable":true,"href":"https:\/\/www.situma.es\/index.php?rest_route=\/wp\/v2\/users\/2"}],"replies":[{"embeddable":true,"href":"https:\/\/www.situma.es\/index.php?rest_route=%2Fwp%2Fv2%2Fcomments&post=3208"}],"version-history":[{"count":0,"href":"https:\/\/www.situma.es\/index.php?rest_route=\/wp\/v2\/pages\/3208\/revisions"}],"up":[{"embeddable":true,"href":"https:\/\/www.situma.es\/index.php?rest_route=\/wp\/v2\/pages\/3079"}],"wp:attachment":[{"href":"https:\/\/www.situma.es\/index.php?rest_route=%2Fwp%2Fv2%2Fmedia&parent=3208"}],"curies":[{"name":"wp","href":"https:\/\/api.w.org\/{rel}","templated":true}]}}