{"id":3507,"date":"2018-12-04T13:49:06","date_gmt":"2018-12-04T12:49:06","guid":{"rendered":"http:\/\/www.situma.es\/?page_id=3507"},"modified":"2018-12-04T13:49:06","modified_gmt":"2018-12-04T12:49:06","slug":"mejora-de-las-condiciones-de-trabajo","status":"publish","type":"page","link":"https:\/\/www.situma.es\/?page_id=3507","title":{"rendered":"Mejora de las condiciones de trabajo"},"content":{"rendered":"<p style=\"text-align: justify;\">SITUMA continuar\u00e1 planteando cara y luchar\u00e1 para la mejora de las condiciones de TODOS.<\/p>\n<ul>\n<li><strong>No<\/strong> aceptaremos la <strong>p\u00e9rdida<\/strong> de nuestros <strong>derechos<\/strong>. No con nuestro consentimiento.<\/li>\n<li style=\"text-align: justify;\">Si no luchamos nosotros por nuestros <strong>derechos<\/strong> y por la <strong>mejora<\/strong> de las <strong>condiciones de TODOS<\/strong>, <b>nadie lo har\u00e1<\/b>.<\/li>\n<li><strong>NO<\/strong> a la sumisi\u00f3n y al miedo, <strong>S\u00cd<\/strong> al respeto.<\/li>\n<li style=\"text-align: justify;\">Aumentar las <strong>oportunidades de promoci\u00f3n<\/strong> con una planificaci\u00f3n coherente\n<ul>\n<li>Lucharemos por unos <strong>planes de promoci\u00f3n real para todos los colectivos<\/strong>, dejando vacantes para nuevas promociones en cascada, en base a plazas de nueva creaci\u00f3n sin amortizaci\u00f3n de puestos ya dotados y ocupados.<\/li>\n<li>Respecto a los \u201cplanes de promoci\u00f3n\u201d ya iniciados, completarlos para el resto de puestos del mismo Servicio o Unidad, priorizando aquellos casos en los que se hayan generado desigualdades o agravios injustos entre puestos de similar responsabilidad y\/o dificultad t\u00e9cnica.<\/li>\n<li style=\"text-align: justify;\">Planes de promoci\u00f3n para aquellos puestos que requieren una titulaci\u00f3n habilitante para su desempe\u00f1o, debiendo adecuarse el puesto de trabajo al nivel de titulaci\u00f3n universitaria requerido para ello, como ocurre con los fisioterapeutas y los pod\u00f3logos, etc.<\/li>\n<\/ul>\n<\/li>\n<\/ul>\n<p><a href=\"https:\/\/www.situma.es\/wp-content\/uploads\/2014\/12\/situmaLaboral.jpg\"><img decoding=\"async\" loading=\"lazy\" class=\"size-full wp-image-2122 aligncenter\" alt=\"situmaLaboral\" src=\"https:\/\/www.situma.es\/wp-content\/uploads\/2014\/12\/situmaLaboral.jpg\" width=\"453\" height=\"640\" srcset=\"https:\/\/www.situma.es\/wp-content\/uploads\/2014\/12\/situmaLaboral.jpg 453w, https:\/\/www.situma.es\/wp-content\/uploads\/2014\/12\/situmaLaboral-212x300.jpg 212w\" sizes=\"(max-width: 453px) 100vw, 453px\" \/><\/a><\/p>\n<p><script type=\"text\/javascript\">\/\/ <![CDATA[\n(function(i,s,o,g,r,a,m){i['GoogleAnalyticsObject']=r;i[r]=i[r]||function(){   (i[r].q=i[r].q||[]).push(arguments)},i[r].l=1*new Date();a=s.createElement(o),   m=s.getElementsByTagName(o)[0];a.async=1;a.src=g;m.parentNode.insertBefore(a,m)   })(window,document,'script','https:\/\/www.google-analytics.com\/analytics.js','ga');   ga('create', 'UA-57264711-1', 'auto');   ga('send', 'pageview');\n\/\/ ]]><\/script><\/p>\n","protected":false},"excerpt":{"rendered":"<p>SITUMA continuar\u00e1 planteando cara y luchar\u00e1 para la mejora de las condiciones de TODOS. No aceptaremos la p\u00e9rdida de nuestros derechos. No con nuestro<\/p>\n","protected":false},"author":2,"featured_media":0,"parent":3493,"menu_order":5,"comment_status":"open","ping_status":"closed","template":"","meta":[],"jetpack_sharing_enabled":true,"jetpack_likes_enabled":true,"_links":{"self":[{"href":"https:\/\/www.situma.es\/index.php?rest_route=\/wp\/v2\/pages\/3507"}],"collection":[{"href":"https:\/\/www.situma.es\/index.php?rest_route=\/wp\/v2\/pages"}],"about":[{"href":"https:\/\/www.situma.es\/index.php?rest_route=\/wp\/v2\/types\/page"}],"author":[{"embeddable":true,"href":"https:\/\/www.situma.es\/index.php?rest_route=\/wp\/v2\/users\/2"}],"replies":[{"embeddable":true,"href":"https:\/\/www.situma.es\/index.php?rest_route=%2Fwp%2Fv2%2Fcomments&post=3507"}],"version-history":[{"count":0,"href":"https:\/\/www.situma.es\/index.php?rest_route=\/wp\/v2\/pages\/3507\/revisions"}],"up":[{"embeddable":true,"href":"https:\/\/www.situma.es\/index.php?rest_route=\/wp\/v2\/pages\/3493"}],"wp:attachment":[{"href":"https:\/\/www.situma.es\/index.php?rest_route=%2Fwp%2Fv2%2Fmedia&parent=3507"}],"curies":[{"name":"wp","href":"https:\/\/api.w.org\/{rel}","templated":true}]}}