{"id":3509,"date":"2018-12-04T13:49:37","date_gmt":"2018-12-04T12:49:37","guid":{"rendered":"http:\/\/www.situma.es\/?page_id=3509"},"modified":"2018-12-04T13:49:37","modified_gmt":"2018-12-04T12:49:37","slug":"accion-sindical","status":"publish","type":"page","link":"https:\/\/www.situma.es\/?page_id=3509","title":{"rendered":"Acci\u00f3n sindical"},"content":{"rendered":"<ul>\n<li style=\"text-align: justify;\">SITUMA pactar\u00e1 con otros colectivos acuerdos puntuales con objetivos concretos, <strong>manteniendo siempre nuestra independencia<\/strong>, tal y como hemos hecho durante estos cuatro a\u00f1os, logrando un acuerdo intersidical para cambiar los modos de trabajo que ven\u00eda teniendo el comit\u00e9 de empresa en los \u00faltimos 20 a\u00f1os.<\/li>\n<li style=\"text-align: justify;\">Queremos que el Comit\u00e9 de Empresa sea verdaderamente el \u00f3rgano de representaci\u00f3n de <strong>toda<\/strong> la plantilla. El cambio de gesti\u00f3n que realizamos junto a otros tres sindicatos, ha logrado un \u00f3rgano m\u00e1s transparente, efciaz, \u00e1gil y abierto a toda la plantilla.<\/li>\n<li style=\"text-align: justify;\">Los <strong>tribunales<\/strong> de los nuevos procesos de estos \u00faltimos a\u00f1os, realizados <strong>por<\/strong> <strong>sorteo<\/strong>, por fin han tenido nuevos actores y no los mismo de los \u00faltimos veinte a\u00f1os, impuestos desde el rodillo absoluto que ejerc\u00edan antes.<\/li>\n<li style=\"text-align: justify;\"><strong>Trabajaremos<\/strong> por la <strong>funcionarizaci\u00f3n voluntaria del colectivo \u00a0laboral<\/strong>, por la promoci\u00f3n de todos los colectivos con igualdad de oportunidades<strong><\/strong> y por aquellos otros temas que supongan una <strong>mejora para los trabajadores<\/strong>, ya sea propuesto por la UMA, o por cualquier colectivo que recurra a nosotros o a iniciativa propia.<\/li>\n<li style=\"text-align: justify;\">No se cobran <strong>cuotas de afiliaci\u00f3n<\/strong>, los gastos los sufragamos a escote entre los afiliados.<\/li>\n<\/ul>\n<p><a href=\"https:\/\/www.situma.es\/wp-content\/uploads\/2014\/12\/situmaLaboral.jpg\"><img decoding=\"async\" loading=\"lazy\" class=\"size-full wp-image-2122 aligncenter\" alt=\"situmaLaboral\" src=\"https:\/\/www.situma.es\/wp-content\/uploads\/2014\/12\/situmaLaboral.jpg\" width=\"453\" height=\"640\" srcset=\"https:\/\/www.situma.es\/wp-content\/uploads\/2014\/12\/situmaLaboral.jpg 453w, https:\/\/www.situma.es\/wp-content\/uploads\/2014\/12\/situmaLaboral-212x300.jpg 212w\" sizes=\"(max-width: 453px) 100vw, 453px\" \/><\/a><\/p>\n<p><script type=\"text\/javascript\">\/\/ <![CDATA[\n(function(i,s,o,g,r,a,m){i['GoogleAnalyticsObject']=r;i[r]=i[r]||function(){   (i[r].q=i[r].q||[]).push(arguments)},i[r].l=1*new Date();a=s.createElement(o),   m=s.getElementsByTagName(o)[0];a.async=1;a.src=g;m.parentNode.insertBefore(a,m)   })(window,document,'script','https:\/\/www.google-analytics.com\/analytics.js','ga');   ga('create', 'UA-57264711-1', 'auto');   ga('send', 'pageview');\n\/\/ ]]><\/script><\/p>\n","protected":false},"excerpt":{"rendered":"<p>SITUMA pactar\u00e1 con otros colectivos acuerdos puntuales con objetivos concretos, manteniendo siempre nuestra independencia, tal y como hemos hecho durante estos cuatro a\u00f1os, logrando<\/p>\n","protected":false},"author":2,"featured_media":0,"parent":3493,"menu_order":6,"comment_status":"open","ping_status":"closed","template":"","meta":[],"jetpack_sharing_enabled":true,"jetpack_likes_enabled":true,"_links":{"self":[{"href":"https:\/\/www.situma.es\/index.php?rest_route=\/wp\/v2\/pages\/3509"}],"collection":[{"href":"https:\/\/www.situma.es\/index.php?rest_route=\/wp\/v2\/pages"}],"about":[{"href":"https:\/\/www.situma.es\/index.php?rest_route=\/wp\/v2\/types\/page"}],"author":[{"embeddable":true,"href":"https:\/\/www.situma.es\/index.php?rest_route=\/wp\/v2\/users\/2"}],"replies":[{"embeddable":true,"href":"https:\/\/www.situma.es\/index.php?rest_route=%2Fwp%2Fv2%2Fcomments&post=3509"}],"version-history":[{"count":0,"href":"https:\/\/www.situma.es\/index.php?rest_route=\/wp\/v2\/pages\/3509\/revisions"}],"up":[{"embeddable":true,"href":"https:\/\/www.situma.es\/index.php?rest_route=\/wp\/v2\/pages\/3493"}],"wp:attachment":[{"href":"https:\/\/www.situma.es\/index.php?rest_route=%2Fwp%2Fv2%2Fmedia&parent=3509"}],"curies":[{"name":"wp","href":"https:\/\/api.w.org\/{rel}","templated":true}]}}