{"id":3748,"date":"2019-10-15T10:11:55","date_gmt":"2019-10-15T09:11:55","guid":{"rendered":"http:\/\/www.situma.es\/?page_id=3748"},"modified":"2024-01-10T14:43:38","modified_gmt":"2024-01-10T13:43:38","slug":"aire-nuevo-en-el-comite-del-pdi","status":"publish","type":"page","link":"https:\/\/www.situma.es\/?page_id=3748","title":{"rendered":"AIRE NUEVO en el Comit\u00e9 del PDI Laboral"},"content":{"rendered":"<div class=\"wp-block-image\">\n<figure class=\"alignright\"><a href=\"https:\/\/www.situma.es\/wp-content\/uploads\/2017\/05\/jpdi2017_31.jpg\"><img decoding=\"async\" src=\"https:\/\/www.situma.es\/wp-content\/uploads\/2017\/05\/jpdi2017_31.jpg\" alt=\"jpdi2017_31\" class=\"wp-image-2890\"\/><\/a><\/figure><\/div>\n\n\n<p><\/p>\n\n\n\n<p>Desde SITUMA queremos que conozcas nuestra candidatura para representarte en el Comit\u00e9 de Empresa del PDI. Est\u00e1 formada por compa\u00f1eras y compa\u00f1eros investigadoras\/es y docentes de diferentes centros y departamentos. Nos presentamos con <strong>ilusi\u00f3n y muchas ganas de trabajar,<\/strong> para llevar a cabo un cambio a este \u00f3rgano de representaci\u00f3n.<\/p>\n\n\n\n<p>Es posible que no te sientas representado\/a por los sindicatos tradicionales, que s\u00f3lo se ponen en contacto contigo en los periodos electorales, y que tengas la sensaci\u00f3n de no saber bien qu\u00e9 es lo que realmente est\u00e1n negociando con la Universidad.<\/p>\n\n\n\n<p><strong><span style=\"color: #334f60; font-size: large;\">SITUMA <\/span><\/strong>es el <strong><span style=\"color: #334f60; font-size: large;\">S<\/span><\/strong>indicato <strong><span style=\"color: #334f60; font-size: large;\">I<\/span><\/strong>ndependiente de <strong><span style=\"color: #334f60; font-size: large;\">T<\/span><\/strong>rabajadores de la <strong><span style=\"color: #334f60; font-size: large;\">UMA<\/span><\/strong>. No tenemos mochilas ni jerarqu\u00edas que puedan limitar nuestra capacidad de acci\u00f3n. No tenemos subvenciones externas ni dependemos de partidos pol\u00edticos o de grupos de poder. Desde nuestra fundaci\u00f3n hemos transformado el concepto de sindicalismo tradicional, obsoleto y anquilosado hasta ahora en la UMA. Nuestra filosof\u00eda de trabajo es simple: <strong>dedicaci\u00f3n y esfuerzo<\/strong> para mejorar nuestra instituci\u00f3n y las condiciones laborales de sus trabajadores\/as.<\/p>\n\n\n\n<p>Esta candidatura surge con el objetivo primordial de <strong>ayudar a un colectivo<\/strong>, en gran parte desmotivado e insatisfecho, ya que son muchos los problemas e inquietudes que le afectan y necesitan ser abordados desde la independencia y la transparencia, contando con todos\/as.<\/p>\n\n\n\n<p>El derecho al <strong>desarrollo de una carrera profesional<\/strong> investigadora y docente en <strong>igualdad de condiciones<\/strong>, estableciendo <strong>procesos claros<\/strong> y bien definidos para todos\/as,\u202fla <strong>denuncia <\/strong>de situaciones de <strong>abuso de poder<\/strong>, la <strong>excesiva burocratizaci\u00f3n<\/strong> del trabajo del profesorado, el an\u00e1lisis y abordaje de los <strong>motivos que generan el estr\u00e9s f\u00edsico y emocional<\/strong> que influyen en su rendimiento profesional, ser\u00e1n, entre otras, nuestras <strong>l\u00edneas de trabajo<\/strong>.<\/p>\n\n\n\n<p>Hagamos entre todos una <strong>Universidad mejor<\/strong> de la que sentirnos orgullosos. Ay\u00fadanos a transformar la UMA <strong>concedi\u00e9ndonos tu CONFIANZA y tu VOTO<\/strong> el pr\u00f3ximo 25 de enero, para entre todos traer <strong>AIRE NUEVO al PDI contratado laboral<\/strong>.<\/p>\n\n\n\n<p>Puedes hacernos llegar tus preocupaciones y propuestas a trav\u00e9s de nuestro correo electr\u00f3nico\u202f<a href=\"mailto:situma@uma.es?subject=#situmaPdi\" target=\"_blank\" rel=\"noopener\">situma@uma.es<\/a>.<\/p>\n\n\n\n<p>Nuestra candidatura a las elecciones del Comit\u00e9 de Empresa del PDI laboral est\u00e1 formada por:<\/p>\n\n\n\n<figure class=\"wp-block-table\"><table border=\"0\" cellspacing=\"0\" cellpadding=\"2\">\n<tbody>\n<tr bgcolor=\"#778899\">\n<th width=\"64\">N\u00ba orden<\/th>\n<th colspan=\"2\">Nombre<\/th>\n<\/tr>\n<tr>\n<td width=\"64\">1<\/td>\n<td>Agust\u00edn Wallace Ruiz<\/td>\n<\/tr>\n<tr bgcolor=\"#E6E6FA\">\n<td width=\"64\">2<\/td>\n<td>Francisco As\u00eds Salazar Pic\u00f3<\/td>\n<\/tr>\n<tr>\n<td width=\"64\">3<\/td>\n<td>Eugenia Fern\u00e1ndez Mart\u00edn<\/td>\n<\/tr>\n<tr bgcolor=\"#E6E6FA\">\n<td width=\"64\">4<\/td>\n<td>Enrique Navarrete de G\u00e1lvez<\/td>\n<\/tr>\n<tr>\n<td width=\"64\">5<\/td>\n<td>Mar\u00eda Dolores Joyanes D\u00edaz<\/td>\n<\/tr>\n<tr bgcolor=\"#E6E6FA\">\n<td width=\"64\">6<\/td>\n<td>Rodolfo Mat\u00edas Ortiz Flores<\/td>\n<\/tr>\n<tr>\n<td width=\"64\">7<\/td>\n<td>Daniel Becerra Fern\u00e1ndez<\/td>\n<\/tr>\n<tr bgcolor=\"#E6E6FA\">\n<td width=\"64\">8<\/td>\n<td>Ana Mar\u00eda Ortega Prieto<\/td>\n<\/tr>\n<tr>\n<td width=\"64\">9<\/td>\n<td>Gema Teresa Ruiz P\u00e1rraga<\/td>\n<\/tr>\n<tr bgcolor=\"#E6E6FA\">\n<td width=\"64\">10<\/td>\n<td>Antonio Jes\u00fas Ruiz S\u00e1nchez<\/td>\n<\/tr>\n<tr>\n<td width=\"64\">11<\/td>\n<td>Rosario Mercedes P\u00e9rez Colodrero<\/td>\n<\/tr>\n<tr bgcolor=\"#E6E6FA\">\n<td width=\"64\">12<\/td>\n<td>Jos\u00e9 Francisco Vel\u00e1zquez Navarro<\/td>\n<\/tr>\n<tr>\n<td width=\"64\">13<\/td>\n<td>Silvia Lisbeth Segura \u00c1lvarez<\/td>\n<\/tr>\n<tr bgcolor=\"#E6E6FA\">\n<td width=\"64\">14<\/td>\n<td>Ricardo V\u00e1zquez Mart\u00edn<\/td>\n<\/tr>\n<tr>\n<td width=\"64\">15<\/td>\n<td>Elena Fern\u00e1ndez D\u00edaz<\/td>\n<\/tr>\n<tr bgcolor=\"#E6E6FA\">\n<td width=\"64\">16<\/td>\n<td>Rosa Mar\u00eda Anaya Aguilar<\/td>\n<\/tr>\n<tr>\n<td width=\"64\">17<\/td>\n<td>Herminia Aznarte Moya<\/td>\n<\/tr>\n<tr bgcolor=\"#E6E6FA\">\n<td width=\"64\">18<\/td>\n<td>Jos\u00e9 Mar\u00eda Caram\u00e9s Tejedor<\/td>\n<\/tr>\n<tr>\n<td width=\"64\">19<\/td>\n<td>M\u00aa Inmaculada Pastor Garc\u00eda<\/td>\n<\/tr>\n<tr bgcolor=\"#E6E6FA\">\n<td width=\"64\">20<\/td>\n<td>M\u00aa Isabel Olmo S\u00e1nchez<\/td>\n<\/tr>\n<tr>\n<td width=\"64\">21<\/td>\n<td>Javier Ser\u00f3n Barba<\/td>\n<\/tr>\n<tr bgcolor=\"#E6E6FA\">\n<td width=\"64\">22<\/td>\n<td>Marina Mel\u00e9ndez-Vald\u00e9s Navas<\/td>\n<\/tr>\n<tr>\n<td width=\"64\">23<\/td>\n<td>Miguel \u00c1ngel Infantes Rosales<\/td>\n<\/tr>\n<tr bgcolor=\"#E6E6FA\">\n<td width=\"64\">24<\/td>\n<td>M\u00aa Carmen Rey Merch\u00e1n<\/td>\n<\/tr>\n<tr>\n<td width=\"64\">25<\/td>\n<td>Marino Castillo Cabezas<\/td>\n<\/tr>\n<tr bgcolor=\"#E6E6FA\">\n<td width=\"64\">26<\/td>\n<td>Javier Rivero Rodr\u00edguez<\/td>\n<\/tr>\n<tr>\n<td width=\"64\">27<\/td>\n<td>Noelia Marzal Pe\u00f1a<\/td>\n<\/tr>\n<tr bgcolor=\"#E6E6FA\">\n<td width=\"64\">28<\/td>\n<td>Carmen Anaya Aguilar<\/td>\n<\/tr>\n<tr>\n<td width=\"64\">29<\/td>\n<td>Antonia Mar\u00eda Lima Rodr\u00edguez<\/td>\n<\/tr>\n<tr bgcolor=\"#E6E6FA\">\n<td width=\"64\">30<\/td>\n<td>Irene Bautista Bernal<\/td>\n<\/tr>\n<tr>\n<td width=\"64\">31<\/td>\n<td>Silvana Teresa Tapia Paniagua<\/td>\n<\/tr>\n<tr bgcolor=\"#E6E6FA\">\n<td width=\"64\">32<\/td>\n<td>Luis Manuel Rodr\u00edguez P\u00e9rez<\/td>\n<\/tr>\n<\/tbody>\n<\/table><\/figure>\n","protected":false},"excerpt":{"rendered":"<p>Desde SITUMA queremos que conozcas nuestra candidatura para representarte en el Comit\u00e9 de Empresa del PDI. Est\u00e1 formada por compa\u00f1eras y compa\u00f1eros investigadoras\/es y<\/p>\n","protected":false},"author":2,"featured_media":0,"parent":0,"menu_order":0,"comment_status":"open","ping_status":"closed","template":"","meta":[],"jetpack_sharing_enabled":true,"jetpack_likes_enabled":true,"_links":{"self":[{"href":"https:\/\/www.situma.es\/index.php?rest_route=\/wp\/v2\/pages\/3748"}],"collection":[{"href":"https:\/\/www.situma.es\/index.php?rest_route=\/wp\/v2\/pages"}],"about":[{"href":"https:\/\/www.situma.es\/index.php?rest_route=\/wp\/v2\/types\/page"}],"author":[{"embeddable":true,"href":"https:\/\/www.situma.es\/index.php?rest_route=\/wp\/v2\/users\/2"}],"replies":[{"embeddable":true,"href":"https:\/\/www.situma.es\/index.php?rest_route=%2Fwp%2Fv2%2Fcomments&post=3748"}],"version-history":[{"count":3,"href":"https:\/\/www.situma.es\/index.php?rest_route=\/wp\/v2\/pages\/3748\/revisions"}],"predecessor-version":[{"id":6895,"href":"https:\/\/www.situma.es\/index.php?rest_route=\/wp\/v2\/pages\/3748\/revisions\/6895"}],"wp:attachment":[{"href":"https:\/\/www.situma.es\/index.php?rest_route=%2Fwp%2Fv2%2Fmedia&parent=3748"}],"curies":[{"name":"wp","href":"https:\/\/api.w.org\/{rel}","templated":true}]}}