{"id":3755,"date":"2019-10-15T10:21:42","date_gmt":"2019-10-15T09:21:42","guid":{"rendered":"http:\/\/www.situma.es\/?page_id=3755"},"modified":"2019-10-15T10:21:42","modified_gmt":"2019-10-15T09:21:42","slug":"objetivossituma","status":"publish","type":"page","link":"https:\/\/www.situma.es\/?page_id=3755","title":{"rendered":"#objetivosSITUMA"},"content":{"rendered":"<p><a href=\"https:\/\/www.situma.es\/wp-content\/uploads\/2017\/05\/objetivos.png\"><img decoding=\"async\" loading=\"lazy\" class=\"alignright  wp-image-2911\" alt=\"objetivos\" src=\"https:\/\/www.situma.es\/wp-content\/uploads\/2017\/05\/objetivos.png\" width=\"180\" height=\"176\" \/><\/a>SITUMA persigue estos objetivos:<\/p>\n<ul>\n<li style=\"text-align: justify;\"><strong>Organizarnos colectivamente<\/strong> para luchar por nuestros intereses, a partir de la incorporaci\u00f3n de perspectivas, problem\u00e1ticas y situaciones que vivimos en nuestro d\u00eda a d\u00eda en la UMA.<\/li>\n<li style=\"text-align: justify;\">Ser un <strong>punto de encuentro<\/strong> para el <strong>debate e intercambio<\/strong> junto al resto de investigadores\/as y docentes.<\/li>\n<li style=\"text-align: justify;\">Trabajar por la <strong>difusi\u00f3n e informaci\u00f3n<\/strong> entre los\u00a0investigadores y docentes, en la voluntad de avanzar en la democratizaci\u00f3n de la Universidad.<\/li>\n<li style=\"text-align: justify;\"><strong>Seguridad y Salud Laboral: Velar<\/strong> por la mejora de nuestras condiciones y entornos de trabajo, as\u00ed como por el <strong>cumplimiento<\/strong> de las normativas vigentes.<\/li>\n<li style=\"text-align: justify;\"><strong>Debatir, proponer alternativas y buscar acuerdos<\/strong> que posibiliten un marco normativo general y flexible acorde a las <strong>circunstancias cambiantes<\/strong> en la Universidad.<\/li>\n<\/ul>\n<p style=\"text-align: justify;\">Env\u00edanos tus objetivos a <a href=\"mailto:situma@uma.es?subject=#situmaPdi\" target=\"_blank\" rel=\"noopener\">situma@uma.es<\/a>.<br \/>\n<a style=\"text-align: justify;\" href=\"https:\/\/www.situma.es\/wp-content\/uploads\/2017\/05\/jpdi2017_31.jpg\"><img decoding=\"async\" loading=\"lazy\" class=\"alignright size-full wp-image-2890\" alt=\"jpdi2017_31\" src=\"https:\/\/www.situma.es\/wp-content\/uploads\/2017\/05\/jpdi2017_31.jpg\" width=\"2808\" height=\"627\" \/><\/a><br \/>\n<script type=\"text\/javascript\">\/\/ <![CDATA[\n(function(i,s,o,g,r,a,m){i['GoogleAnalyticsObject']=r;i[r]=i[r]||function(){   (i[r].q=i[r].q||[]).push(arguments)},i[r].l=1*new Date();a=s.createElement(o),   m=s.getElementsByTagName(o)[0];a.async=1;a.src=g;m.parentNode.insertBefore(a,m)   })(window,document,'script','https:\/\/www.google-analytics.com\/analytics.js','ga');   ga('create', 'UA-57264711-1', 'auto');   ga('send', 'pageview');\n\/\/ ]]><\/script><\/p>\n","protected":false},"excerpt":{"rendered":"<p>SITUMA persigue estos objetivos: Organizarnos colectivamente para luchar por nuestros intereses, a partir de la incorporaci\u00f3n de perspectivas, problem\u00e1ticas y situaciones que vivimos en<\/p>\n","protected":false},"author":2,"featured_media":0,"parent":3748,"menu_order":0,"comment_status":"open","ping_status":"closed","template":"","meta":[],"jetpack_sharing_enabled":true,"jetpack_likes_enabled":true,"_links":{"self":[{"href":"https:\/\/www.situma.es\/index.php?rest_route=\/wp\/v2\/pages\/3755"}],"collection":[{"href":"https:\/\/www.situma.es\/index.php?rest_route=\/wp\/v2\/pages"}],"about":[{"href":"https:\/\/www.situma.es\/index.php?rest_route=\/wp\/v2\/types\/page"}],"author":[{"embeddable":true,"href":"https:\/\/www.situma.es\/index.php?rest_route=\/wp\/v2\/users\/2"}],"replies":[{"embeddable":true,"href":"https:\/\/www.situma.es\/index.php?rest_route=%2Fwp%2Fv2%2Fcomments&post=3755"}],"version-history":[{"count":0,"href":"https:\/\/www.situma.es\/index.php?rest_route=\/wp\/v2\/pages\/3755\/revisions"}],"up":[{"embeddable":true,"href":"https:\/\/www.situma.es\/index.php?rest_route=\/wp\/v2\/pages\/3748"}],"wp:attachment":[{"href":"https:\/\/www.situma.es\/index.php?rest_route=%2Fwp%2Fv2%2Fmedia&parent=3755"}],"curies":[{"name":"wp","href":"https:\/\/api.w.org\/{rel}","templated":true}]}}