{"id":3761,"date":"2019-10-15T10:23:27","date_gmt":"2019-10-15T09:23:27","guid":{"rendered":"http:\/\/www.situma.es\/?page_id=3761"},"modified":"2019-10-15T10:23:27","modified_gmt":"2019-10-15T09:23:27","slug":"transformacionsituma","status":"publish","type":"page","link":"https:\/\/www.situma.es\/?page_id=3761","title":{"rendered":"#transformaci\u00f3nSITUMA"},"content":{"rendered":"<p style=\"text-align: justify;\"><img decoding=\"async\" class=\"alignright size-full wp-image-2948\" alt=\"hechos\" src=\"https:\/\/www.situma.es\/wp-content\/uploads\/2017\/05\/hechos.jpg\" width=\"250\" srcset=\"https:\/\/www.situma.es\/wp-content\/uploads\/2017\/05\/hechos.jpg 500w, https:\/\/www.situma.es\/wp-content\/uploads\/2017\/05\/hechos-300x300.jpg 300w, https:\/\/www.situma.es\/wp-content\/uploads\/2017\/05\/hechos-150x150.jpg 150w\" sizes=\"(max-width: 500px) 100vw, 500px\" \/>Queremos que el Comit\u00e9 de Empresa del PDI Laboral tenga utilidad para el funcionamiento de la UMA y el bienestar de sus investigadores y docentes. Movilizaremos a todas las fuerzas sociales para trabajar en favor de unas mejores condiciones laborales.<\/p>\n<p style=\"text-align: justify;\">Desde su llegada, SITUMA ha transformado la forma de gestionar y trabajar de los otros \u00f3rganos de representaci\u00f3n en los que ya se encuentra integrado: Comit\u00e9 de Empresa del PAS y Juntas de Personal del PAS y PDI.<\/p>\n<h3>El cambio es posible y lo hemos demostrado.<\/h3>\n<h3>\u00danete a nosotros y VOTA SITUMA.<\/h3>\n<p style=\"text-align: justify;\">Env\u00edanos tus sugerencias e inquietudes a <a href=\"mailto:situma@uma.es?subject=#situmaPdi\" target=\"_blank\" rel=\"noopener\">situma@uma.es<\/a>.<br \/>\n<a style=\"text-align: justify;\" href=\"https:\/\/www.situma.es\/wp-content\/uploads\/2017\/05\/jpdi2017_31.jpg\"><img decoding=\"async\" loading=\"lazy\" class=\"alignright size-full wp-image-2890\" alt=\"jpdi2017_31\" src=\"https:\/\/www.situma.es\/wp-content\/uploads\/2017\/05\/jpdi2017_31.jpg\" width=\"2808\" height=\"627\" \/><\/a><br \/>\n<script type=\"text\/javascript\">\/\/ <![CDATA[\n(function(i,s,o,g,r,a,m){i['GoogleAnalyticsObject']=r;i[r]=i[r]||function(){   (i[r].q=i[r].q||[]).push(arguments)},i[r].l=1*new Date();a=s.createElement(o),   m=s.getElementsByTagName(o)[0];a.async=1;a.src=g;m.parentNode.insertBefore(a,m)   })(window,document,'script','https:\/\/www.google-analytics.com\/analytics.js','ga');   ga('create', 'UA-57264711-1', 'auto');   ga('send', 'pageview');\n\/\/ ]]><\/script><\/p>\n","protected":false},"excerpt":{"rendered":"<p>Queremos que el Comit\u00e9 de Empresa del PDI Laboral tenga utilidad para el funcionamiento de la UMA y el bienestar de sus investigadores y<\/p>\n","protected":false},"author":2,"featured_media":0,"parent":3748,"menu_order":0,"comment_status":"open","ping_status":"closed","template":"","meta":[],"jetpack_sharing_enabled":true,"jetpack_likes_enabled":true,"_links":{"self":[{"href":"https:\/\/www.situma.es\/index.php?rest_route=\/wp\/v2\/pages\/3761"}],"collection":[{"href":"https:\/\/www.situma.es\/index.php?rest_route=\/wp\/v2\/pages"}],"about":[{"href":"https:\/\/www.situma.es\/index.php?rest_route=\/wp\/v2\/types\/page"}],"author":[{"embeddable":true,"href":"https:\/\/www.situma.es\/index.php?rest_route=\/wp\/v2\/users\/2"}],"replies":[{"embeddable":true,"href":"https:\/\/www.situma.es\/index.php?rest_route=%2Fwp%2Fv2%2Fcomments&post=3761"}],"version-history":[{"count":0,"href":"https:\/\/www.situma.es\/index.php?rest_route=\/wp\/v2\/pages\/3761\/revisions"}],"up":[{"embeddable":true,"href":"https:\/\/www.situma.es\/index.php?rest_route=\/wp\/v2\/pages\/3748"}],"wp:attachment":[{"href":"https:\/\/www.situma.es\/index.php?rest_route=%2Fwp%2Fv2%2Fmedia&parent=3761"}],"curies":[{"name":"wp","href":"https:\/\/api.w.org\/{rel}","templated":true}]}}