{"id":3787,"date":"2019-10-17T12:13:49","date_gmt":"2019-10-17T11:13:49","guid":{"rendered":"http:\/\/www.situma.es\/?page_id=3787"},"modified":"2019-10-17T12:13:49","modified_gmt":"2019-10-17T11:13:49","slug":"lucharemosporti","status":"publish","type":"page","link":"https:\/\/www.situma.es\/?page_id=3787","title":{"rendered":"#lucharemosPorTi"},"content":{"rendered":"<p style=\"text-align: justify;\"><a href=\"https:\/\/www.situma.es\/wp-content\/uploads\/2019\/10\/lucharemosPdi.jpg\"><img decoding=\"async\" loading=\"lazy\" class=\"alignright  wp-image-3791\" alt=\"lucharemosPdi\" src=\"https:\/\/www.situma.es\/wp-content\/uploads\/2019\/10\/lucharemosPdi.jpg\" width=\"210\" height=\"187\" srcset=\"https:\/\/www.situma.es\/wp-content\/uploads\/2019\/10\/lucharemosPdi.jpg 587w, https:\/\/www.situma.es\/wp-content\/uploads\/2019\/10\/lucharemosPdi-300x267.jpg 300w\" sizes=\"(max-width: 210px) 100vw, 210px\" \/><\/a>Desde el nuevo Comit\u00e9 lucharemos por todos tus derechos, nuestras primeras propuestas ser\u00e1n:<\/p>\n<ul>\n<li style=\"text-align: justify;\">La<strong> creaci\u00f3n<\/strong> de una <strong>Comisi\u00f3n de Estabilizaci\u00f3n de PDI Laboral<\/strong> en el Comit\u00e9 de Empresa, para regularizar e impulsar la <strong>carrera profesional y estabilizaci\u00f3n de TODOS<\/strong> los colectivos investigadores y docentes.<\/li>\n<li style=\"text-align: justify;\">La <strong>regularizaci\u00f3n administrativa como PDI<\/strong>, a todos los efectos, de todos los investigadores y docentes que ven\u00edan siendo considerados PAS.<\/li>\n<li style=\"text-align: justify;\">La <strong>inclusi\u00f3n<\/strong> de los <strong>profesores asociados y sustitutos interinos<\/strong>, que participen en actividades investigadoras, como beneficiarios de las<strong> ayudas del Plan Propio de Investigaci\u00f3n<\/strong>, en <strong>igualdad<\/strong> de condiciones que el resto del PDI.<\/li>\n<li style=\"text-align: justify;\">La <strong>inclusi\u00f3n de todos<\/strong> los colectivos del PDI Laboral contratado en las convocatorias de <strong>Ayudas Sociales<\/strong> de la UMA.<\/li>\n<li style=\"text-align: justify;\">La<strong> inclusi\u00f3n de todos<\/strong> los colectivos que realizan funciones de PDI Laboral en los <strong>planes de formaci\u00f3n del PDI, <\/strong>incluyendo al PAS Laboral que tiene perfil investigador y\/o doncente, mientras se regulariza su situaci\u00f3n.<\/li>\n<\/ul>\n<h3 id=\"magicdomid53\" style=\"text-align: justify;\">SITUMA va a ayudarte y a trabajar buscando soluciones reales.<\/h3>\n<h3 style=\"text-align: justify;\">\u00a1\u00a1Lucharemos por ti!!<\/h3>\n<p style=\"text-align: justify;\">Cu\u00e9ntanos todas tus inquietudes y propuestas a trav\u00e9s de <a href=\"mailto:situma@uma.es?subject=#situmaPdi\" target=\"_blank\" rel=\"noopener\">situma@uma.es<\/a>.<br \/>\n<a style=\"text-align: justify;\" href=\"https:\/\/www.situma.es\/wp-content\/uploads\/2017\/05\/jpdi2017_31.jpg\"><img decoding=\"async\" loading=\"lazy\" class=\"alignright size-full wp-image-2890\" alt=\"jpdi2017_31\" src=\"https:\/\/www.situma.es\/wp-content\/uploads\/2017\/05\/jpdi2017_31.jpg\" width=\"2808\" height=\"627\" \/><\/a><br \/>\n<script type=\"text\/javascript\">\/\/ <![CDATA[\n(function(i,s,o,g,r,a,m){i['GoogleAnalyticsObject']=r;i[r]=i[r]||function(){   (i[r].q=i[r].q||[]).push(arguments)},i[r].l=1*new Date();a=s.createElement(o),   m=s.getElementsByTagName(o)[0];a.async=1;a.src=g;m.parentNode.insertBefore(a,m)   })(window,document,'script','https:\/\/www.google-analytics.com\/analytics.js','ga');   ga('create', 'UA-57264711-1', 'auto');   ga('send', 'pageview');\n\/\/ ]]><\/script><\/p>\n","protected":false},"excerpt":{"rendered":"<p>Desde el nuevo Comit\u00e9 lucharemos por todos tus derechos, nuestras primeras propuestas ser\u00e1n: La creaci\u00f3n de una Comisi\u00f3n de Estabilizaci\u00f3n de PDI Laboral en<\/p>\n","protected":false},"author":2,"featured_media":0,"parent":3748,"menu_order":0,"comment_status":"open","ping_status":"closed","template":"","meta":[],"jetpack_sharing_enabled":true,"jetpack_likes_enabled":true,"_links":{"self":[{"href":"https:\/\/www.situma.es\/index.php?rest_route=\/wp\/v2\/pages\/3787"}],"collection":[{"href":"https:\/\/www.situma.es\/index.php?rest_route=\/wp\/v2\/pages"}],"about":[{"href":"https:\/\/www.situma.es\/index.php?rest_route=\/wp\/v2\/types\/page"}],"author":[{"embeddable":true,"href":"https:\/\/www.situma.es\/index.php?rest_route=\/wp\/v2\/users\/2"}],"replies":[{"embeddable":true,"href":"https:\/\/www.situma.es\/index.php?rest_route=%2Fwp%2Fv2%2Fcomments&post=3787"}],"version-history":[{"count":0,"href":"https:\/\/www.situma.es\/index.php?rest_route=\/wp\/v2\/pages\/3787\/revisions"}],"up":[{"embeddable":true,"href":"https:\/\/www.situma.es\/index.php?rest_route=\/wp\/v2\/pages\/3748"}],"wp:attachment":[{"href":"https:\/\/www.situma.es\/index.php?rest_route=%2Fwp%2Fv2%2Fmedia&parent=3787"}],"curies":[{"name":"wp","href":"https:\/\/api.w.org\/{rel}","templated":true}]}}