{"id":5151,"date":"2010-06-09T19:01:32","date_gmt":"2010-06-09T17:01:32","guid":{"rendered":"http:\/\/www.situma.es\/?page_id=2"},"modified":"2010-06-09T19:01:32","modified_gmt":"2010-06-09T17:01:32","slug":"acerca-de","status":"publish","type":"page","link":"https:\/\/www.situma.es\/?page_id=5151","title":{"rendered":"El Sindicato"},"content":{"rendered":"<p style=\"text-align: justify;\">El 7 de abril de 2010 un grupo de compa\u00f1eros de la Universidad de M\u00e1laga decidimos fundar un nuevo sindicato. Este proceso culmin\u00f3 con la publicaci\u00f3n en el Boja n\u00ba 88 de 7 de Mayo de 2010 el anuncio de la constituci\u00f3n de SITUMA Sindicato de Trabajadores de la Universidad de M\u00e1laga.<\/p>\n<p style=\"text-align: justify;\">\nLos motivos de la creaci\u00f3n de SITUMA son el sentimiento que tenemos de indefensi\u00f3n, discriminaci\u00f3n, falta de apoyo y falta de informaci\u00f3n en nuestra situaci\u00f3n laboral.<\/p>\n<p style=\"text-align: justify;\">\nNuestra intenci\u00f3n, con la constituci\u00f3n de este sindicato, es no s\u00f3lo mejorar nuestras condiciones de trabajo en la Universidad de M\u00e1laga, sino conseguirlo mediante una mejora de la funci\u00f3n p\u00fablica en esta Universidad. Y para ello hemos creado un sindicato abierto a todo el personal de la Universidad de M\u00e1laga.<\/p>\n<p style=\"text-align: justify;\">\nNuestro sindicato tiene previsto trabajar para conseguir la mejora de los servicios que ofrece la Universidad de M\u00e1laga, proponiendo una l\u00ednea de trabajo seria y que se adec\u00fae tanto a las necesidades de los trabajadores como a la mejora de los servicios que se prestan.<\/p>\n<p><a href=\"https:\/\/www.situma.es\/wp-content\/uploads\/2010\/06\/universidad3.jpg\"><img decoding=\"async\" loading=\"lazy\" class=\"aligncenter size-full wp-image-59\" title=\"universidad3\" src=\"https:\/\/www.situma.es\/wp-content\/uploads\/2010\/06\/universidad3.jpg\" alt=\"UMA\" width=\"400\" height=\"300\" srcset=\"https:\/\/www.situma.es\/wp-content\/uploads\/2010\/06\/universidad3.jpg 400w, https:\/\/www.situma.es\/wp-content\/uploads\/2010\/06\/universidad3-300x225.jpg 300w\" sizes=\"(max-width: 400px) 100vw, 400px\" \/><\/a><\/p>\n","protected":false},"excerpt":{"rendered":"<p>El 7 de abril de 2010 un grupo de compa\u00f1eros de la Universidad de M\u00e1laga decidimos fundar un nuevo sindicato. Este proceso culmin\u00f3 con<\/p>\n","protected":false},"author":2,"featured_media":0,"parent":0,"menu_order":3,"comment_status":"closed","ping_status":"closed","template":"","meta":[],"jetpack_sharing_enabled":true,"jetpack_likes_enabled":true,"_links":{"self":[{"href":"https:\/\/www.situma.es\/index.php?rest_route=\/wp\/v2\/pages\/5151"}],"collection":[{"href":"https:\/\/www.situma.es\/index.php?rest_route=\/wp\/v2\/pages"}],"about":[{"href":"https:\/\/www.situma.es\/index.php?rest_route=\/wp\/v2\/types\/page"}],"author":[{"embeddable":true,"href":"https:\/\/www.situma.es\/index.php?rest_route=\/wp\/v2\/users\/2"}],"replies":[{"embeddable":true,"href":"https:\/\/www.situma.es\/index.php?rest_route=%2Fwp%2Fv2%2Fcomments&post=5151"}],"version-history":[{"count":0,"href":"https:\/\/www.situma.es\/index.php?rest_route=\/wp\/v2\/pages\/5151\/revisions"}],"wp:attachment":[{"href":"https:\/\/www.situma.es\/index.php?rest_route=%2Fwp%2Fv2%2Fmedia&parent=5151"}],"curies":[{"name":"wp","href":"https:\/\/api.w.org\/{rel}","templated":true}]}}